{"id":347,"date":"2022-11-03T20:11:06","date_gmt":"2022-11-03T20:11:06","guid":{"rendered":"https:\/\/poulter.es\/?page_id=347"},"modified":"2022-11-09T09:47:23","modified_gmt":"2022-11-09T09:47:23","slug":"proyectos-y-licencias","status":"publish","type":"page","link":"https:\/\/poulter.es\/index.php\/proyectos-y-licencias\/","title":{"rendered":""},"content":{"rendered":"\t\t<div data-elementor-type=\"wp-page\" data-elementor-id=\"347\" class=\"elementor elementor-347\">\n\t\t\t\t<div class=\"elementor-element elementor-element-2802345 e-flex e-con-boxed e-con e-parent\" data-id=\"2802345\" data-element_type=\"container\" data-e-type=\"container\">\n\t\t\t\t\t<div class=\"e-con-inner\">\n\t\t\t\t<div class=\"elementor-element elementor-element-f3f6d17 elementor-widget elementor-widget-text-editor\" data-id=\"f3f6d17\" data-element_type=\"widget\" data-e-type=\"widget\" data-widget_type=\"text-editor.default\">\n\t\t\t\t\t\t\t\t\t<p><span style=\"color: #ff6600;\">POULTER<\/span> realiza su proyecto para obtener licencias de ejecuci\u00f3n de rehabilitaciones, reformas, apertura de locales, cambio de actividad, etc.\u2026<\/p><ul><li>Elaboraci\u00f3n de proyectos y licencias<\/li><li>Proyecto y licencia para obras y reformas<\/li><li>Proyecto y licencia de instalaciones<\/li><li>Legalizaci\u00f3n para cambio de actividad<\/li><li>Legalizaciones para cambio de uso<\/li><li>Legalizaciones y boletines el\u00e9ctricos<\/li><li>Permiso para la instalaci\u00f3n de contenedores de escombros en v\u00eda publica<\/li><li>Elaboraci\u00f3n de planos para su obra o reforma<\/li><\/ul><p>Realizamos todos los tramites en su ayuntamiento o junta municipal y dem\u00e1s administraciones para obtener su licencia seg\u00fan la normativa vigente<\/p>\t\t\t\t\t\t\t\t<\/div>\n\t\t\t\t\t<\/div>\n\t\t\t\t<\/div>\n\t\t\t\t<\/div>\n\t\t","protected":false},"excerpt":{"rendered":"<p>POULTER realiza su proyecto para obtener licencias de ejecuci\u00f3n de rehabilitaciones, reformas, apertura de locales, cambio de actividad, etc.\u2026 Elaboraci\u00f3n de proyectos y licencias Proyecto y licencia para obras y reformas Proyecto y licencia de instalaciones Legalizaci\u00f3n para cambio de actividad Legalizaciones para cambio de uso Legalizaciones y boletines el\u00e9ctricos Permiso para la instalaci\u00f3n de&hellip; <br \/> <a class=\"read-more\" href=\"https:\/\/poulter.es\/index.php\/proyectos-y-licencias\/\">Leer m\u00e1s<\/a><\/p>\n","protected":false},"author":1,"featured_media":0,"parent":0,"menu_order":0,"comment_status":"closed","ping_status":"closed","template":"","meta":{"footnotes":""},"class_list":["post-347","page","type-page","status-publish","hentry"],"_links":{"self":[{"href":"https:\/\/poulter.es\/index.php\/wp-json\/wp\/v2\/pages\/347","targetHints":{"allow":["GET"]}}],"collection":[{"href":"https:\/\/poulter.es\/index.php\/wp-json\/wp\/v2\/pages"}],"about":[{"href":"https:\/\/poulter.es\/index.php\/wp-json\/wp\/v2\/types\/page"}],"author":[{"embeddable":true,"href":"https:\/\/poulter.es\/index.php\/wp-json\/wp\/v2\/users\/1"}],"replies":[{"embeddable":true,"href":"https:\/\/poulter.es\/index.php\/wp-json\/wp\/v2\/comments?post=347"}],"version-history":[{"count":0,"href":"https:\/\/poulter.es\/index.php\/wp-json\/wp\/v2\/pages\/347\/revisions"}],"wp:attachment":[{"href":"https:\/\/poulter.es\/index.php\/wp-json\/wp\/v2\/media?parent=347"}],"curies":[{"name":"wp","href":"https:\/\/api.w.org\/{rel}","templated":true}]}}