{"id":508,"date":"2022-11-05T12:12:07","date_gmt":"2022-11-05T12:12:07","guid":{"rendered":"https:\/\/poulter.es\/?page_id=508"},"modified":"2022-11-05T12:31:49","modified_gmt":"2022-11-05T12:31:49","slug":"metodologia-de-trabajo","status":"publish","type":"page","link":"https:\/\/poulter.es\/index.php\/metodologia-de-trabajo\/","title":{"rendered":""},"content":{"rendered":"\t\t<div data-elementor-type=\"wp-page\" data-elementor-id=\"508\" class=\"elementor elementor-508\">\n\t\t\t\t<div class=\"elementor-element elementor-element-7b2b3b1 e-flex e-con-boxed e-con e-parent\" data-id=\"7b2b3b1\" data-element_type=\"container\" data-e-type=\"container\">\n\t\t\t\t\t<div class=\"e-con-inner\">\n\t\t\t\t<div class=\"elementor-element elementor-element-2159270 elementor-widget elementor-widget-text-editor\" data-id=\"2159270\" data-element_type=\"widget\" data-e-type=\"widget\" data-widget_type=\"text-editor.default\">\n\t\t\t\t\t\t\t\t\t<p>En <span style=\"color: #ff6600;\">POULTER<\/span>, tras a\u00f1os de experimentaci\u00f3n y mejora, hemos comprobado que una buena ORGANIZACI\u00d3N Y PLANIFICACION del trabajo son elementos clave para conseguir un BUEN RESULTADO.<\/p><p>Es por ello, que a la hora de ofrecer nuestros servicios llevamos a cabo un proceso que seguimos fielmente en todas nuestras obras.<\/p><ul><li>Cita con el cliente que nos permite conocer el tipo de obra a realizar<\/li><li>Visita del inmueble a reformar realizando mediciones<\/li><li>Asesoramiento al cliente sobre las posibles alternativas o mejoras<\/li><li>Estudio de la obra y realizaci\u00f3n del presupuesto detallado<\/li><li>Entrega y explicaci\u00f3n del presupuesto realizado al cliente<\/li><li>Acuerdo de la fecha de comienzo y entrega de la obra<\/li><li>Acuerdo sobre la forma de pago<\/li><li>Firma del presupuesto y\/o contrato<\/li><li>Organizaci\u00f3n y plan de trabajos a realizar<\/li><li>Elaboraci\u00f3n de planos del proyecto a realizar<\/li><li>Realizaci\u00f3n de la obra dentro del plazo establecido, informando al cliente del d\u00eda a d\u00eda<\/li><li>Control permanente de la obra por t\u00e9cnicos capacitados<\/li><li>Finalizaci\u00f3n de la obra y resoluci\u00f3n del contrato<\/li><\/ul>\t\t\t\t\t\t\t\t<\/div>\n\t\t\t\t\t<\/div>\n\t\t\t\t<\/div>\n\t\t<div class=\"elementor-element elementor-element-2945df1 e-flex e-con-boxed e-con e-parent\" data-id=\"2945df1\" data-element_type=\"container\" data-e-type=\"container\">\n\t\t\t\t\t<div class=\"e-con-inner\">\n\t\t\t\t<div class=\"elementor-element elementor-element-c7c8c09 elementor-widget elementor-widget-image\" data-id=\"c7c8c09\" data-element_type=\"widget\" data-e-type=\"widget\" data-widget_type=\"image.default\">\n\t\t\t\t\t\t\t\t\t\t\t\t\t\t\t<img fetchpriority=\"high\" decoding=\"async\" width=\"1024\" height=\"537\" src=\"https:\/\/poulter.es\/wp-content\/uploads\/2022\/11\/FOTO-PLANO-1024x537.jpg\" class=\"attachment-large size-large wp-image-544\" alt=\"\" srcset=\"https:\/\/poulter.es\/wp-content\/uploads\/2022\/11\/FOTO-PLANO-1024x537.jpg 1024w, https:\/\/poulter.es\/wp-content\/uploads\/2022\/11\/FOTO-PLANO-300x157.jpg 300w, https:\/\/poulter.es\/wp-content\/uploads\/2022\/11\/FOTO-PLANO-768x403.jpg 768w, https:\/\/poulter.es\/wp-content\/uploads\/2022\/11\/FOTO-PLANO.jpg 1400w\" sizes=\"(max-width: 1024px) 100vw, 1024px\" \/>\t\t\t\t\t\t\t\t\t\t\t\t\t\t\t<\/div>\n\t\t\t\t\t<\/div>\n\t\t\t\t<\/div>\n\t\t\t\t<\/div>\n\t\t","protected":false},"excerpt":{"rendered":"<p>En POULTER, tras a\u00f1os de experimentaci\u00f3n y mejora, hemos comprobado que una buena ORGANIZACI\u00d3N Y PLANIFICACION del trabajo son elementos clave para conseguir un BUEN RESULTADO. Es por ello, que a la hora de ofrecer nuestros servicios llevamos a cabo un proceso que seguimos fielmente en todas nuestras obras. Cita con el cliente que nos&hellip; <br \/> <a class=\"read-more\" href=\"https:\/\/poulter.es\/index.php\/metodologia-de-trabajo\/\">Leer m\u00e1s<\/a><\/p>\n","protected":false},"author":1,"featured_media":0,"parent":0,"menu_order":0,"comment_status":"closed","ping_status":"closed","template":"","meta":{"footnotes":""},"class_list":["post-508","page","type-page","status-publish","hentry"],"_links":{"self":[{"href":"https:\/\/poulter.es\/index.php\/wp-json\/wp\/v2\/pages\/508","targetHints":{"allow":["GET"]}}],"collection":[{"href":"https:\/\/poulter.es\/index.php\/wp-json\/wp\/v2\/pages"}],"about":[{"href":"https:\/\/poulter.es\/index.php\/wp-json\/wp\/v2\/types\/page"}],"author":[{"embeddable":true,"href":"https:\/\/poulter.es\/index.php\/wp-json\/wp\/v2\/users\/1"}],"replies":[{"embeddable":true,"href":"https:\/\/poulter.es\/index.php\/wp-json\/wp\/v2\/comments?post=508"}],"version-history":[{"count":0,"href":"https:\/\/poulter.es\/index.php\/wp-json\/wp\/v2\/pages\/508\/revisions"}],"wp:attachment":[{"href":"https:\/\/poulter.es\/index.php\/wp-json\/wp\/v2\/media?parent=508"}],"curies":[{"name":"wp","href":"https:\/\/api.w.org\/{rel}","templated":true}]}}