{"id":510,"date":"2022-11-05T12:12:38","date_gmt":"2022-11-05T12:12:38","guid":{"rendered":"https:\/\/poulter.es\/?page_id=510"},"modified":"2022-11-28T09:38:35","modified_gmt":"2022-11-28T09:38:35","slug":"materiales","status":"publish","type":"page","link":"https:\/\/poulter.es\/index.php\/materiales\/","title":{"rendered":""},"content":{"rendered":"\t\t<div data-elementor-type=\"wp-page\" data-elementor-id=\"510\" class=\"elementor elementor-510\">\n\t\t\t\t<div class=\"elementor-element elementor-element-fdc02b4 e-flex e-con-boxed e-con e-parent\" data-id=\"fdc02b4\" data-element_type=\"container\" data-e-type=\"container\">\n\t\t\t\t\t<div class=\"e-con-inner\">\n\t\t\t\t<div class=\"elementor-element elementor-element-c2a8863 elementor-widget elementor-widget-text-editor\" data-id=\"c2a8863\" data-element_type=\"widget\" data-e-type=\"widget\" data-widget_type=\"text-editor.default\">\n\t\t\t\t\t\t\t\t\t<p><span style=\"color: #ff6600;\">POULTER<\/span> utiliza siempre materiales de primera calidad garantizando as\u00ed cada trabajo realizado. Cada obra cumplir\u00e1 con los est\u00e1ndares necesarios (bajo normativa) y la correcta selecci\u00f3n de los materiales le otorgar\u00e1 un valor a\u00f1adido a su proyecto.<\/p>\t\t\t\t\t\t\t\t<\/div>\n\t\t\t\t\t<\/div>\n\t\t\t\t<\/div>\n\t\t<div class=\"elementor-element elementor-element-a24fe3b e-flex e-con-boxed e-con e-parent\" data-id=\"a24fe3b\" data-element_type=\"container\" data-e-type=\"container\">\n\t\t\t\t\t<div class=\"e-con-inner\">\n\t\t\t\t<div class=\"elementor-element elementor-element-ec59daa elementor-widget elementor-widget-image\" data-id=\"ec59daa\" data-element_type=\"widget\" data-e-type=\"widget\" data-widget_type=\"image.default\">\n\t\t\t\t\t\t\t\t\t\t\t\t\t\t\t<img fetchpriority=\"high\" decoding=\"async\" width=\"1024\" height=\"613\" src=\"https:\/\/poulter.es\/wp-content\/uploads\/2022\/11\/MATERIALES-1-1024x613.jpg\" class=\"attachment-large size-large wp-image-949\" alt=\"\" srcset=\"https:\/\/poulter.es\/wp-content\/uploads\/2022\/11\/MATERIALES-1-1024x613.jpg 1024w, https:\/\/poulter.es\/wp-content\/uploads\/2022\/11\/MATERIALES-1-300x180.jpg 300w, https:\/\/poulter.es\/wp-content\/uploads\/2022\/11\/MATERIALES-1-768x460.jpg 768w, https:\/\/poulter.es\/wp-content\/uploads\/2022\/11\/MATERIALES-1-1536x919.jpg 1536w, https:\/\/poulter.es\/wp-content\/uploads\/2022\/11\/MATERIALES-1-1805x1080.jpg 1805w, https:\/\/poulter.es\/wp-content\/uploads\/2022\/11\/MATERIALES-1.jpg 1952w\" sizes=\"(max-width: 1024px) 100vw, 1024px\" \/>\t\t\t\t\t\t\t\t\t\t\t\t\t\t\t<\/div>\n\t\t\t\t\t<\/div>\n\t\t\t\t<\/div>\n\t\t\t\t<\/div>\n\t\t","protected":false},"excerpt":{"rendered":"<p>POULTER utiliza siempre materiales de primera calidad garantizando as\u00ed cada trabajo realizado. Cada obra cumplir\u00e1 con los est\u00e1ndares necesarios (bajo normativa) y la correcta selecci\u00f3n de los materiales le otorgar\u00e1 un valor a\u00f1adido a su proyecto.<\/p>\n","protected":false},"author":1,"featured_media":0,"parent":0,"menu_order":0,"comment_status":"closed","ping_status":"closed","template":"","meta":{"footnotes":""},"class_list":["post-510","page","type-page","status-publish","hentry"],"_links":{"self":[{"href":"https:\/\/poulter.es\/index.php\/wp-json\/wp\/v2\/pages\/510","targetHints":{"allow":["GET"]}}],"collection":[{"href":"https:\/\/poulter.es\/index.php\/wp-json\/wp\/v2\/pages"}],"about":[{"href":"https:\/\/poulter.es\/index.php\/wp-json\/wp\/v2\/types\/page"}],"author":[{"embeddable":true,"href":"https:\/\/poulter.es\/index.php\/wp-json\/wp\/v2\/users\/1"}],"replies":[{"embeddable":true,"href":"https:\/\/poulter.es\/index.php\/wp-json\/wp\/v2\/comments?post=510"}],"version-history":[{"count":0,"href":"https:\/\/poulter.es\/index.php\/wp-json\/wp\/v2\/pages\/510\/revisions"}],"wp:attachment":[{"href":"https:\/\/poulter.es\/index.php\/wp-json\/wp\/v2\/media?parent=510"}],"curies":[{"name":"wp","href":"https:\/\/api.w.org\/{rel}","templated":true}]}}