{"id":686,"date":"2022-11-09T10:57:41","date_gmt":"2022-11-09T10:57:41","guid":{"rendered":"https:\/\/poulter.es\/?page_id=686"},"modified":"2022-11-09T11:08:44","modified_gmt":"2022-11-09T11:08:44","slug":"multireparaciones-y-servicios","status":"publish","type":"page","link":"https:\/\/poulter.es\/index.php\/multireparaciones-y-servicios\/","title":{"rendered":""},"content":{"rendered":"\t\t<div data-elementor-type=\"wp-page\" data-elementor-id=\"686\" class=\"elementor elementor-686\">\n\t\t\t\t<div class=\"elementor-element elementor-element-b5a0418 e-flex e-con-boxed e-con e-parent\" data-id=\"b5a0418\" data-element_type=\"container\" data-e-type=\"container\">\n\t\t\t\t\t<div class=\"e-con-inner\">\n\t\t\t\t<div class=\"elementor-element elementor-element-94bf6a8 elementor-widget elementor-widget-text-editor\" data-id=\"94bf6a8\" data-element_type=\"widget\" data-e-type=\"widget\" data-widget_type=\"text-editor.default\">\n\t\t\t\t\t\t\t\t\t<p><span style=\"color: #ff6600;\">POULTER<\/span> realiza todas aquellas reparaciones y trabajos que usted necesite en tiempo real y\u00a0a precios justos<\/p><p>A continuaci\u00f3n, enumeramos algunos de nuestros servicios<\/p><ul><li>Reparaciones puntuales de alba\u00f1iler\u00eda<\/li><li>Reparaci\u00f3n de tejados y goteras<\/li><li>Reparaciones de filtraciones y humedades<\/li><li>Reparaci\u00f3n de canalones y bajantes<\/li><li>Reparaci\u00f3n de saneamientos y desatranc\u00f3<\/li><li>Reparaci\u00f3n de fachadas y pinturas<\/li><li>Reparaciones el\u00e9ctricas y aver\u00edas<\/li><li>Reparaci\u00f3n y aver\u00edas de fontaner\u00eda<\/li><li>Reparaciones de cerrajer\u00eda y apertura de puertas<\/li><li>Retirada de mobiliario<\/li><li>Instalaci\u00f3n y montaje de muebles<\/li><li>Limpiezas de obras, portales y comunidades<\/li><li>Mudanzas ligeras puntuales<\/li><li>Alba\u00f1iler\u00eda<\/li><li>Solados y alicatados<\/li><li>Pladur y escayola<\/li><li>Pintura<\/li><li>Fontaner\u00eda<\/li><li>Electricidad<\/li><li>Climatizaci\u00f3n<\/li><li>Carpinter\u00eda<\/li><li>Cerrajer\u00eda<\/li><li>Desatranco<\/li><li>Humedades<\/li><li>Saneamientos<\/li><li>SERVICIO MANITAS POR HORAS (NUESTRA CATEGORIA ESTRELLA POR RAPIDEZ Y PRECIO)<\/li><\/ul><p>Si desea realizar alg\u00fan trabajo o reparaci\u00f3n que no est\u00e9 descrito, cons\u00faltenos sin compromiso y le atenderemos encantado.<\/p>\t\t\t\t\t\t\t\t<\/div>\n\t\t\t\t\t<\/div>\n\t\t\t\t<\/div>\n\t\t\t\t<\/div>\n\t\t","protected":false},"excerpt":{"rendered":"<p>POULTER realiza todas aquellas reparaciones y trabajos que usted necesite en tiempo real y\u00a0a precios justos A continuaci\u00f3n, enumeramos algunos de nuestros servicios Reparaciones puntuales de alba\u00f1iler\u00eda Reparaci\u00f3n de tejados y goteras Reparaciones de filtraciones y humedades Reparaci\u00f3n de canalones y bajantes Reparaci\u00f3n de saneamientos y desatranc\u00f3 Reparaci\u00f3n de fachadas y pinturas Reparaciones el\u00e9ctricas y&hellip; <br \/> <a class=\"read-more\" href=\"https:\/\/poulter.es\/index.php\/multireparaciones-y-servicios\/\">Leer m\u00e1s<\/a><\/p>\n","protected":false},"author":1,"featured_media":0,"parent":0,"menu_order":0,"comment_status":"closed","ping_status":"closed","template":"","meta":{"footnotes":""},"class_list":["post-686","page","type-page","status-publish","hentry"],"_links":{"self":[{"href":"https:\/\/poulter.es\/index.php\/wp-json\/wp\/v2\/pages\/686","targetHints":{"allow":["GET"]}}],"collection":[{"href":"https:\/\/poulter.es\/index.php\/wp-json\/wp\/v2\/pages"}],"about":[{"href":"https:\/\/poulter.es\/index.php\/wp-json\/wp\/v2\/types\/page"}],"author":[{"embeddable":true,"href":"https:\/\/poulter.es\/index.php\/wp-json\/wp\/v2\/users\/1"}],"replies":[{"embeddable":true,"href":"https:\/\/poulter.es\/index.php\/wp-json\/wp\/v2\/comments?post=686"}],"version-history":[{"count":0,"href":"https:\/\/poulter.es\/index.php\/wp-json\/wp\/v2\/pages\/686\/revisions"}],"wp:attachment":[{"href":"https:\/\/poulter.es\/index.php\/wp-json\/wp\/v2\/media?parent=686"}],"curies":[{"name":"wp","href":"https:\/\/api.w.org\/{rel}","templated":true}]}}